{"id":3034,"date":"2021-06-04T10:16:10","date_gmt":"2021-06-04T10:16:10","guid":{"rendered":"https:\/\/nuss.uxper.co\/boutique-hotel\/?post_type=product&amp;p=3034"},"modified":"2025-05-23T07:34:46","modified_gmt":"2025-05-23T05:34:46","slug":"cute-reading-distractor-bookmark","status":"publish","type":"product","link":"https:\/\/leclosderonzieres.fr\/en\/product\/cute-reading-distractor-bookmark\/","title":{"rendered":"Cute reading distractor bookmark"},"content":{"rendered":"<p>Lorem ipsum dolor sit amet, consectetur adipiscing elit. Praesent nisi ex, venenatis at blandit porttitor, sagittis volutpat massa. Phasellus a enim nisl. In in diam non libero sagittis tristique sed sagittis neque. Curabitur eget metus commodo, euismod ante nec, maximus ligula. Nullam id elit leo. Integer dictum hendrerit dui.<\/p>\n","protected":false},"excerpt":{"rendered":"<p>Lorem ipsum dolor sit amet, consectetur adipiscing elit. Praesent nisi ex, venenatis at blandit porttitor, sagittis volutpat massa.<\/p>\n","protected":false},"featured_media":3036,"comment_status":"open","ping_status":"closed","template":"","meta":[],"product_cat":[32],"product_tag":[],"yoast_head":"<!-- This site is optimized with the Yoast SEO plugin v22.2 - https:\/\/yoast.com\/wordpress\/plugins\/seo\/ -->\n<title>Cute reading distractor bookmark - Le Clos de Ronzi\u00e8res<\/title>\n<meta name=\"robots\" content=\"index, follow, max-snippet:-1, max-image-preview:large, max-video-preview:-1\" \/>\n<link rel=\"canonical\" href=\"https:\/\/leclosderonzieres.fr\/en\/product\/cute-reading-distractor-bookmark\/\" \/>\n<meta property=\"og:locale\" content=\"en_US\" \/>\n<meta property=\"og:type\" content=\"article\" \/>\n<meta property=\"og:title\" content=\"Cute reading distractor bookmark - Le Clos de Ronzi\u00e8res\" \/>\n<meta property=\"og:description\" content=\"Lorem ipsum dolor sit amet, consectetur adipiscing elit. Praesent nisi ex, venenatis at blandit porttitor, sagittis volutpat massa.\" \/>\n<meta property=\"og:url\" content=\"https:\/\/leclosderonzieres.fr\/en\/product\/cute-reading-distractor-bookmark\/\" \/>\n<meta property=\"og:site_name\" content=\"Le Clos de Ronzi\u00e8res\" \/>\n<meta property=\"article:modified_time\" content=\"2025-05-23T05:34:46+00:00\" \/>\n<meta property=\"og:image\" content=\"https:\/\/leclosderonzieres.fr\/wp-content\/uploads\/2021\/06\/bd7c56f4-33fd-45ef-b189-eeb9199158bd_japangraph-bookmark-1@0_5x.jpeg\" \/>\n\t<meta property=\"og:image:width\" content=\"768\" \/>\n\t<meta property=\"og:image:height\" content=\"768\" \/>\n\t<meta property=\"og:image:type\" content=\"image\/jpeg\" \/>\n<meta name=\"twitter:card\" content=\"summary_large_image\" \/>\n<script type=\"application\/ld+json\" class=\"yoast-schema-graph\">{\"@context\":\"https:\/\/schema.org\",\"@graph\":[{\"@type\":\"WebPage\",\"@id\":\"https:\/\/leclosderonzieres.fr\/en\/product\/cute-reading-distractor-bookmark\/\",\"url\":\"https:\/\/leclosderonzieres.fr\/en\/product\/cute-reading-distractor-bookmark\/\",\"name\":\"Cute reading distractor bookmark - Le Clos de Ronzi\u00e8res\",\"isPartOf\":{\"@id\":\"https:\/\/leclosderonzieres.fr\/en\/#website\"},\"primaryImageOfPage\":{\"@id\":\"https:\/\/leclosderonzieres.fr\/en\/product\/cute-reading-distractor-bookmark\/#primaryimage\"},\"image\":{\"@id\":\"https:\/\/leclosderonzieres.fr\/en\/product\/cute-reading-distractor-bookmark\/#primaryimage\"},\"thumbnailUrl\":\"https:\/\/leclosderonzieres.fr\/wp-content\/uploads\/2021\/06\/bd7c56f4-33fd-45ef-b189-eeb9199158bd_japangraph-bookmark-1@0_5x.jpeg\",\"datePublished\":\"2021-06-04T10:16:10+00:00\",\"dateModified\":\"2025-05-23T05:34:46+00:00\",\"breadcrumb\":{\"@id\":\"https:\/\/leclosderonzieres.fr\/en\/product\/cute-reading-distractor-bookmark\/#breadcrumb\"},\"inLanguage\":\"en-US\",\"potentialAction\":[{\"@type\":\"ReadAction\",\"target\":[\"https:\/\/leclosderonzieres.fr\/en\/product\/cute-reading-distractor-bookmark\/\"]}]},{\"@type\":\"ImageObject\",\"inLanguage\":\"en-US\",\"@id\":\"https:\/\/leclosderonzieres.fr\/en\/product\/cute-reading-distractor-bookmark\/#primaryimage\",\"url\":\"https:\/\/leclosderonzieres.fr\/wp-content\/uploads\/2021\/06\/bd7c56f4-33fd-45ef-b189-eeb9199158bd_japangraph-bookmark-1@0_5x.jpeg\",\"contentUrl\":\"https:\/\/leclosderonzieres.fr\/wp-content\/uploads\/2021\/06\/bd7c56f4-33fd-45ef-b189-eeb9199158bd_japangraph-bookmark-1@0_5x.jpeg\",\"width\":768,\"height\":768},{\"@type\":\"BreadcrumbList\",\"@id\":\"https:\/\/leclosderonzieres.fr\/en\/product\/cute-reading-distractor-bookmark\/#breadcrumb\",\"itemListElement\":[{\"@type\":\"ListItem\",\"position\":1,\"name\":\"Home\",\"item\":\"https:\/\/leclosderonzieres.fr\/en\/\"},{\"@type\":\"ListItem\",\"position\":2,\"name\":\"Shop\",\"item\":\"https:\/\/leclosderonzieres.fr\/en\/shop\/\"},{\"@type\":\"ListItem\",\"position\":3,\"name\":\"Cute reading distractor bookmark\"}]},{\"@type\":\"WebSite\",\"@id\":\"https:\/\/leclosderonzieres.fr\/en\/#website\",\"url\":\"https:\/\/leclosderonzieres.fr\/en\/\",\"name\":\"Le Clos de Ronzi\u00e8res\",\"description\":\"Maison d&#039;h\u00f4te de charme pr\u00e8s de Lyon\",\"publisher\":{\"@id\":\"https:\/\/leclosderonzieres.fr\/en\/#organization\"},\"potentialAction\":[{\"@type\":\"SearchAction\",\"target\":{\"@type\":\"EntryPoint\",\"urlTemplate\":\"https:\/\/leclosderonzieres.fr\/en\/?s={search_term_string}\"},\"query-input\":\"required name=search_term_string\"}],\"inLanguage\":\"en-US\"},{\"@type\":\"Organization\",\"@id\":\"https:\/\/leclosderonzieres.fr\/en\/#organization\",\"name\":\"Le Clos de Ronzi\u00e8res\",\"url\":\"https:\/\/leclosderonzieres.fr\/en\/\",\"logo\":{\"@type\":\"ImageObject\",\"inLanguage\":\"en-US\",\"@id\":\"https:\/\/leclosderonzieres.fr\/en\/#\/schema\/logo\/image\/\",\"url\":\"https:\/\/leclosderonzieres.fr\/wp-content\/uploads\/2024\/02\/logo-noir@2x.png\",\"contentUrl\":\"https:\/\/leclosderonzieres.fr\/wp-content\/uploads\/2024\/02\/logo-noir@2x.png\",\"width\":499,\"height\":60,\"caption\":\"Le Clos de Ronzi\u00e8res\"},\"image\":{\"@id\":\"https:\/\/leclosderonzieres.fr\/en\/#\/schema\/logo\/image\/\"}}]}<\/script>\n<!-- \/ Yoast SEO plugin. -->","yoast_head_json":{"title":"Cute reading distractor bookmark - Le Clos de Ronzi\u00e8res","robots":{"index":"index","follow":"follow","max-snippet":"max-snippet:-1","max-image-preview":"max-image-preview:large","max-video-preview":"max-video-preview:-1"},"canonical":"https:\/\/leclosderonzieres.fr\/en\/product\/cute-reading-distractor-bookmark\/","og_locale":"en_US","og_type":"article","og_title":"Cute reading distractor bookmark - Le Clos de Ronzi\u00e8res","og_description":"Lorem ipsum dolor sit amet, consectetur adipiscing elit. Praesent nisi ex, venenatis at blandit porttitor, sagittis volutpat massa.","og_url":"https:\/\/leclosderonzieres.fr\/en\/product\/cute-reading-distractor-bookmark\/","og_site_name":"Le Clos de Ronzi\u00e8res","article_modified_time":"2025-05-23T05:34:46+00:00","og_image":[{"width":768,"height":768,"url":"https:\/\/leclosderonzieres.fr\/wp-content\/uploads\/2021\/06\/bd7c56f4-33fd-45ef-b189-eeb9199158bd_japangraph-bookmark-1@0_5x.jpeg","type":"image\/jpeg"}],"twitter_card":"summary_large_image","schema":{"@context":"https:\/\/schema.org","@graph":[{"@type":"WebPage","@id":"https:\/\/leclosderonzieres.fr\/en\/product\/cute-reading-distractor-bookmark\/","url":"https:\/\/leclosderonzieres.fr\/en\/product\/cute-reading-distractor-bookmark\/","name":"Cute reading distractor bookmark - Le Clos de Ronzi\u00e8res","isPartOf":{"@id":"https:\/\/leclosderonzieres.fr\/en\/#website"},"primaryImageOfPage":{"@id":"https:\/\/leclosderonzieres.fr\/en\/product\/cute-reading-distractor-bookmark\/#primaryimage"},"image":{"@id":"https:\/\/leclosderonzieres.fr\/en\/product\/cute-reading-distractor-bookmark\/#primaryimage"},"thumbnailUrl":"https:\/\/leclosderonzieres.fr\/wp-content\/uploads\/2021\/06\/bd7c56f4-33fd-45ef-b189-eeb9199158bd_japangraph-bookmark-1@0_5x.jpeg","datePublished":"2021-06-04T10:16:10+00:00","dateModified":"2025-05-23T05:34:46+00:00","breadcrumb":{"@id":"https:\/\/leclosderonzieres.fr\/en\/product\/cute-reading-distractor-bookmark\/#breadcrumb"},"inLanguage":"en-US","potentialAction":[{"@type":"ReadAction","target":["https:\/\/leclosderonzieres.fr\/en\/product\/cute-reading-distractor-bookmark\/"]}]},{"@type":"ImageObject","inLanguage":"en-US","@id":"https:\/\/leclosderonzieres.fr\/en\/product\/cute-reading-distractor-bookmark\/#primaryimage","url":"https:\/\/leclosderonzieres.fr\/wp-content\/uploads\/2021\/06\/bd7c56f4-33fd-45ef-b189-eeb9199158bd_japangraph-bookmark-1@0_5x.jpeg","contentUrl":"https:\/\/leclosderonzieres.fr\/wp-content\/uploads\/2021\/06\/bd7c56f4-33fd-45ef-b189-eeb9199158bd_japangraph-bookmark-1@0_5x.jpeg","width":768,"height":768},{"@type":"BreadcrumbList","@id":"https:\/\/leclosderonzieres.fr\/en\/product\/cute-reading-distractor-bookmark\/#breadcrumb","itemListElement":[{"@type":"ListItem","position":1,"name":"Home","item":"https:\/\/leclosderonzieres.fr\/en\/"},{"@type":"ListItem","position":2,"name":"Shop","item":"https:\/\/leclosderonzieres.fr\/en\/shop\/"},{"@type":"ListItem","position":3,"name":"Cute reading distractor bookmark"}]},{"@type":"WebSite","@id":"https:\/\/leclosderonzieres.fr\/en\/#website","url":"https:\/\/leclosderonzieres.fr\/en\/","name":"Le Clos de Ronzi\u00e8res","description":"Maison d&#039;h\u00f4te de charme pr\u00e8s de Lyon","publisher":{"@id":"https:\/\/leclosderonzieres.fr\/en\/#organization"},"potentialAction":[{"@type":"SearchAction","target":{"@type":"EntryPoint","urlTemplate":"https:\/\/leclosderonzieres.fr\/en\/?s={search_term_string}"},"query-input":"required name=search_term_string"}],"inLanguage":"en-US"},{"@type":"Organization","@id":"https:\/\/leclosderonzieres.fr\/en\/#organization","name":"Le Clos de Ronzi\u00e8res","url":"https:\/\/leclosderonzieres.fr\/en\/","logo":{"@type":"ImageObject","inLanguage":"en-US","@id":"https:\/\/leclosderonzieres.fr\/en\/#\/schema\/logo\/image\/","url":"https:\/\/leclosderonzieres.fr\/wp-content\/uploads\/2024\/02\/logo-noir@2x.png","contentUrl":"https:\/\/leclosderonzieres.fr\/wp-content\/uploads\/2024\/02\/logo-noir@2x.png","width":499,"height":60,"caption":"Le Clos de Ronzi\u00e8res"},"image":{"@id":"https:\/\/leclosderonzieres.fr\/en\/#\/schema\/logo\/image\/"}}]}},"_links":{"self":[{"href":"https:\/\/leclosderonzieres.fr\/en\/wp-json\/wp\/v2\/product\/3034"}],"collection":[{"href":"https:\/\/leclosderonzieres.fr\/en\/wp-json\/wp\/v2\/product"}],"about":[{"href":"https:\/\/leclosderonzieres.fr\/en\/wp-json\/wp\/v2\/types\/product"}],"replies":[{"embeddable":true,"href":"https:\/\/leclosderonzieres.fr\/en\/wp-json\/wp\/v2\/comments?post=3034"}],"wp:featuredmedia":[{"embeddable":true,"href":"https:\/\/leclosderonzieres.fr\/en\/wp-json\/wp\/v2\/media\/3036"}],"wp:attachment":[{"href":"https:\/\/leclosderonzieres.fr\/en\/wp-json\/wp\/v2\/media?parent=3034"}],"wp:term":[{"taxonomy":"product_cat","embeddable":true,"href":"https:\/\/leclosderonzieres.fr\/en\/wp-json\/wp\/v2\/product_cat?post=3034"},{"taxonomy":"product_tag","embeddable":true,"href":"https:\/\/leclosderonzieres.fr\/en\/wp-json\/wp\/v2\/product_tag?post=3034"}],"curies":[{"name":"wp","href":"https:\/\/api.w.org\/{rel}","templated":true}]}}