{"id":2104,"date":"2021-03-23T09:33:48","date_gmt":"2021-03-23T09:33:48","guid":{"rendered":"http:\/\/localhost\/nuss\/?page_id=167"},"modified":"2024-03-14T15:34:53","modified_gmt":"2024-03-14T14:34:53","slug":"our-story","status":"publish","type":"page","link":"https:\/\/leclosderonzieres.fr\/en\/our-story\/","title":{"rendered":"Our Story"},"content":{"rendered":"\t\t<div data-elementor-type=\"wp-page\" data-elementor-id=\"2104\" class=\"elementor elementor-2104\">\n\t\t\t\t\t\t<section class=\"elementor-section elementor-top-section elementor-element elementor-element-8f5bb9d elementor-section-boxed elementor-section-gap-beside-yes elementor-section-height-default elementor-section-height-default elementor-section-column-vertical-align-stretch\" data-id=\"8f5bb9d\" data-element_type=\"section\">\n\t\t\t\t\t\t<div class=\"elementor-container elementor-column-gap-extended\">\n\t\t\t\t\t<div class=\"elementor-column elementor-col-100 elementor-top-column elementor-element elementor-element-7ec4215\" data-id=\"7ec4215\" data-element_type=\"column\">\n\t\t\t<div class=\"elementor-widget-wrap elementor-element-populated\">\n\t\t\t\t\t\t<div class=\"elementor-element elementor-element-edd9d03 elementor-widget__width-initial elementor-invisible elementor-widget elementor-widget-text-editor\" data-id=\"edd9d03\" data-element_type=\"widget\" data-settings=\"{&quot;_animation&quot;:&quot;nussFadeInUp&quot;}\" data-widget_type=\"text-editor.default\">\n\t\t\t\t<div class=\"elementor-widget-container\">\n\t\t\t<style>\/*! elementor - v3.19.0 - 07-02-2024 *\/\n.elementor-widget-text-editor.elementor-drop-cap-view-stacked .elementor-drop-cap{background-color:#69727d;color:#fff}.elementor-widget-text-editor.elementor-drop-cap-view-framed .elementor-drop-cap{color:#69727d;border:3px solid;background-color:transparent}.elementor-widget-text-editor:not(.elementor-drop-cap-view-default) .elementor-drop-cap{margin-top:8px}.elementor-widget-text-editor:not(.elementor-drop-cap-view-default) .elementor-drop-cap-letter{width:1em;height:1em}.elementor-widget-text-editor .elementor-drop-cap{float:left;text-align:center;line-height:1;font-size:50px}.elementor-widget-text-editor .elementor-drop-cap-letter{display:inline-block}<\/style>\t\t\t\t<p>From Lyon to the renovation of a farmhouse in Beaujolais.<\/p>\t\t\t\t\t\t<\/div>\n\t\t\t\t<\/div>\n\t\t\t\t\t<\/div>\n\t\t<\/div>\n\t\t\t\t\t<\/div>\n\t\t<\/section>\n\t\t\t\t<section class=\"elementor-section elementor-top-section elementor-element elementor-element-fcc2c5b elementor-section-boxed elementor-section-gap-beside-yes elementor-section-height-default elementor-section-height-default elementor-section-column-vertical-align-stretch\" data-id=\"fcc2c5b\" data-element_type=\"section\">\n\t\t\t\t\t\t<div class=\"elementor-container elementor-column-gap-extended\">\n\t\t\t\t\t<div class=\"elementor-column elementor-col-100 elementor-top-column elementor-element elementor-element-2f7d653\" data-id=\"2f7d653\" data-element_type=\"column\">\n\t\t\t<div class=\"elementor-widget-wrap elementor-element-populated\">\n\t\t\t\t\t\t<section class=\"elementor-section elementor-inner-section elementor-element elementor-element-6f6d8ba elementor-section-boxed elementor-section-gap-beside-yes elementor-section-height-default elementor-section-height-default elementor-section-column-vertical-align-stretch\" data-id=\"6f6d8ba\" data-element_type=\"section\">\n\t\t\t\t\t\t<div class=\"elementor-container elementor-column-gap-extended\">\n\t\t\t\t\t<div class=\"elementor-column elementor-col-50 elementor-inner-column elementor-element elementor-element-0878be6\" data-id=\"0878be6\" data-element_type=\"column\">\n\t\t\t<div class=\"elementor-widget-wrap elementor-element-populated\">\n\t\t\t\t\t\t<div class=\"elementor-element elementor-element-d77b752 elementor-invisible elementor-widget elementor-widget-nuss-heading\" data-id=\"d77b752\" data-element_type=\"widget\" data-settings=\"{&quot;_animation&quot;:&quot;nussFadeInUp&quot;}\" data-widget_type=\"nuss-heading.default\">\n\t\t\t\t<div class=\"elementor-widget-container\">\n\t\t\t\t\t<div class=\"nuss-modern-heading\">\r\n\t\t\t\r\n\t\t\t\t\t<div class=\"heading-primary-wrap\">\r\n\t\t\t<h4 class=\"heading-primary elementor-heading-title\">Lyon<\/h4>\t\t<\/div>\r\n\t\t\r\n\t\t\t\t\t<div class=\"heading-divider-wrap\">\r\n\t\t\t<div class=\"heading-divider\" style=\"left: 0px;top: 6px\"><\/div>\r\n\t\t<\/div>\r\n\t    \r\n\t\t\t\t\t<\/div>\r\n\t\t\t\t<\/div>\n\t\t\t\t<\/div>\n\t\t\t\t<div class=\"elementor-element elementor-element-42014f7 elementor-invisible elementor-widget elementor-widget-heading\" data-id=\"42014f7\" data-element_type=\"widget\" data-settings=\"{&quot;_animation&quot;:&quot;nussFadeInUp&quot;}\" data-widget_type=\"heading.default\">\n\t\t\t\t<div class=\"elementor-widget-container\">\n\t\t\t<style>\/*! elementor - v3.19.0 - 07-02-2024 *\/\n.elementor-heading-title{padding:0;margin:0;line-height:1}.elementor-widget-heading .elementor-heading-title[class*=elementor-size-]>a{color:inherit;font-size:inherit;line-height:inherit}.elementor-widget-heading .elementor-heading-title.elementor-size-small{font-size:15px}.elementor-widget-heading .elementor-heading-title.elementor-size-medium{font-size:19px}.elementor-widget-heading .elementor-heading-title.elementor-size-large{font-size:29px}.elementor-widget-heading .elementor-heading-title.elementor-size-xl{font-size:39px}.elementor-widget-heading .elementor-heading-title.elementor-size-xxl{font-size:59px}<\/style><h3 class=\"elementor-heading-title elementor-size-default\">Before<\/h3>\t\t<\/div>\n\t\t\t\t<\/div>\n\t\t\t\t<div class=\"elementor-element elementor-element-2ba7908 elementor-invisible elementor-widget elementor-widget-text-editor\" data-id=\"2ba7908\" data-element_type=\"widget\" data-settings=\"{&quot;_animation&quot;:&quot;nussFadeInUp&quot;}\" data-widget_type=\"text-editor.default\">\n\t\t\t\t<div class=\"elementor-widget-container\">\n\t\t\t\t\t\t\t<p>After nearly 18 years in Lyon and with the children having flown the nest, we felt the desire for a life project in the countryside yet close to Lyon.<\/p><p>We stumbled upon the Beaujolais region with its Golden Stone villages and a farmhouse for sale in the charming little village of Ternand, and it was love at first sight!<\/p>\t\t\t\t\t\t<\/div>\n\t\t\t\t<\/div>\n\t\t\t\t\t<\/div>\n\t\t<\/div>\n\t\t\t\t<div class=\"elementor-column elementor-col-50 elementor-inner-column elementor-element elementor-element-6f3f021\" data-id=\"6f3f021\" data-element_type=\"column\">\n\t\t\t<div class=\"elementor-widget-wrap elementor-element-populated\">\n\t\t\t\t\t\t<div class=\"elementor-element elementor-element-63d8463 elementor-invisible nuss-elementor-loading nuss-slide-in-left elementor-widget elementor-widget-image\" data-id=\"63d8463\" data-element_type=\"widget\" data-settings=\"{&quot;_animation&quot;:&quot;nussSlideInLeft&quot;}\" data-widget_type=\"image.default\">\n\t\t\t\t<div class=\"elementor-widget-container\">\n\t\t\t<style>\/*! elementor - v3.19.0 - 07-02-2024 *\/\n.elementor-widget-image{text-align:center}.elementor-widget-image a{display:inline-block}.elementor-widget-image a img[src$=\".svg\"]{width:48px}.elementor-widget-image img{vertical-align:middle;display:inline-block}<\/style>\t\t\t\t\t\t\t\t\t\t<img fetchpriority=\"high\" decoding=\"async\" width=\"480\" height=\"510\" src=\"https:\/\/leclosderonzieres.fr\/wp-content\/uploads\/2024\/03\/photo-lyon-clos.png\" class=\"attachment-full size-full wp-image-6564\" alt=\"\" srcset=\"https:\/\/leclosderonzieres.fr\/wp-content\/uploads\/2024\/03\/photo-lyon-clos.png 480w, https:\/\/leclosderonzieres.fr\/wp-content\/uploads\/2024\/03\/photo-lyon-clos-282x300.png 282w\" sizes=\"(max-width: 480px) 100vw, 480px\" \/>\t\t\t\t\t\t\t\t\t\t\t\t\t<\/div>\n\t\t\t\t<\/div>\n\t\t\t\t\t<\/div>\n\t\t<\/div>\n\t\t\t\t\t<\/div>\n\t\t<\/section>\n\t\t\t\t<section class=\"elementor-section elementor-inner-section elementor-element elementor-element-0ad233f elementor-section-boxed elementor-section-gap-beside-yes elementor-section-height-default elementor-section-height-default elementor-section-column-vertical-align-stretch\" data-id=\"0ad233f\" data-element_type=\"section\">\n\t\t\t\t\t\t<div class=\"elementor-container elementor-column-gap-extended\">\n\t\t\t\t\t<div class=\"elementor-column elementor-col-50 elementor-inner-column elementor-element elementor-element-2cde083\" data-id=\"2cde083\" data-element_type=\"column\">\n\t\t\t<div class=\"elementor-widget-wrap elementor-element-populated\">\n\t\t\t\t\t\t<div class=\"elementor-element elementor-element-8c8f274 elementor-invisible nuss-elementor-loading nuss-slide-in-left elementor-widget elementor-widget-image\" data-id=\"8c8f274\" data-element_type=\"widget\" data-settings=\"{&quot;_animation&quot;:&quot;nussSlideInLeft&quot;}\" data-widget_type=\"image.default\">\n\t\t\t\t<div class=\"elementor-widget-container\">\n\t\t\t\t\t\t\t\t\t\t\t\t\t<img decoding=\"async\" width=\"1536\" height=\"2048\" src=\"https:\/\/leclosderonzieres.fr\/wp-content\/uploads\/2024\/03\/WhatsApp-Image-2024-03-04-at-19.41.19.jpeg\" class=\"attachment-full size-full wp-image-6569\" alt=\"\" srcset=\"https:\/\/leclosderonzieres.fr\/wp-content\/uploads\/2024\/03\/WhatsApp-Image-2024-03-04-at-19.41.19.jpeg 1536w, https:\/\/leclosderonzieres.fr\/wp-content\/uploads\/2024\/03\/WhatsApp-Image-2024-03-04-at-19.41.19-225x300.jpeg 225w, https:\/\/leclosderonzieres.fr\/wp-content\/uploads\/2024\/03\/WhatsApp-Image-2024-03-04-at-19.41.19-768x1024.jpeg 768w, https:\/\/leclosderonzieres.fr\/wp-content\/uploads\/2024\/03\/WhatsApp-Image-2024-03-04-at-19.41.19-1152x1536.jpeg 1152w, https:\/\/leclosderonzieres.fr\/wp-content\/uploads\/2024\/03\/WhatsApp-Image-2024-03-04-at-19.41.19-600x800.jpeg 600w\" sizes=\"(max-width: 1536px) 100vw, 1536px\" \/>\t\t\t\t\t\t\t\t\t\t\t\t\t<\/div>\n\t\t\t\t<\/div>\n\t\t\t\t\t<\/div>\n\t\t<\/div>\n\t\t\t\t<div class=\"elementor-column elementor-col-50 elementor-inner-column elementor-element elementor-element-ccbc7cc\" data-id=\"ccbc7cc\" data-element_type=\"column\">\n\t\t\t<div class=\"elementor-widget-wrap elementor-element-populated\">\n\t\t\t\t\t\t<div class=\"elementor-element elementor-element-a38a544 elementor-invisible elementor-widget elementor-widget-nuss-heading\" data-id=\"a38a544\" data-element_type=\"widget\" data-settings=\"{&quot;_animation&quot;:&quot;nussFadeInUp&quot;}\" data-widget_type=\"nuss-heading.default\">\n\t\t\t\t<div class=\"elementor-widget-container\">\n\t\t\t\t\t<div class=\"nuss-modern-heading\">\r\n\t\t\t\r\n\t\t\t\t\t<div class=\"heading-primary-wrap\">\r\n\t\t\t<h4 class=\"heading-primary elementor-heading-title\">2019<\/h4>\t\t<\/div>\r\n\t\t\r\n\t\t\t\t\t<div class=\"heading-divider-wrap\">\r\n\t\t\t<div class=\"heading-divider\" style=\"left: 0px;top: 6px\"><\/div>\r\n\t\t<\/div>\r\n\t    \r\n\t\t\t\t\t<\/div>\r\n\t\t\t\t<\/div>\n\t\t\t\t<\/div>\n\t\t\t\t<div class=\"elementor-element elementor-element-377ec23 elementor-invisible elementor-widget elementor-widget-heading\" data-id=\"377ec23\" data-element_type=\"widget\" data-settings=\"{&quot;_animation&quot;:&quot;nussFadeInUp&quot;}\" data-widget_type=\"heading.default\">\n\t\t\t\t<div class=\"elementor-widget-container\">\n\t\t\t<h3 class=\"elementor-heading-title elementor-size-default\">The takeover<\/h3>\t\t<\/div>\n\t\t\t\t<\/div>\n\t\t\t\t<div class=\"elementor-element elementor-element-2a2ce57 elementor-invisible elementor-widget elementor-widget-text-editor\" data-id=\"2a2ce57\" data-element_type=\"widget\" data-settings=\"{&quot;_animation&quot;:&quot;nussFadeInUp&quot;}\" data-widget_type=\"text-editor.default\">\n\t\t\t\t<div class=\"elementor-widget-container\">\n\t\t\t\t\t\t\t<p>Together with Gilles, we make a great team: I handle the interior decoration, the upkeep of the farmhouse&#8217;s interior, and your welcome<\/p><p>Gilles takes care of the landscaping and maintenance of all the gardens and the vegetable patch.<\/p>\t\t\t\t\t\t<\/div>\n\t\t\t\t<\/div>\n\t\t\t\t\t<\/div>\n\t\t<\/div>\n\t\t\t\t\t<\/div>\n\t\t<\/section>\n\t\t\t\t<section class=\"elementor-section elementor-inner-section elementor-element elementor-element-c127b44 elementor-section-boxed elementor-section-gap-beside-yes elementor-section-height-default elementor-section-height-default elementor-section-column-vertical-align-stretch\" data-id=\"c127b44\" data-element_type=\"section\">\n\t\t\t\t\t\t<div class=\"elementor-container elementor-column-gap-extended\">\n\t\t\t\t\t<div class=\"elementor-column elementor-col-50 elementor-inner-column elementor-element elementor-element-e050279\" data-id=\"e050279\" data-element_type=\"column\">\n\t\t\t<div class=\"elementor-widget-wrap elementor-element-populated\">\n\t\t\t\t\t\t<div class=\"elementor-element elementor-element-e3ece18 elementor-invisible elementor-widget elementor-widget-nuss-heading\" data-id=\"e3ece18\" data-element_type=\"widget\" data-settings=\"{&quot;_animation&quot;:&quot;nussFadeInUp&quot;}\" data-widget_type=\"nuss-heading.default\">\n\t\t\t\t<div class=\"elementor-widget-container\">\n\t\t\t\t\t<div class=\"nuss-modern-heading\">\r\n\t\t\t\r\n\t\t\t\t\t<div class=\"heading-primary-wrap\">\r\n\t\t\t<h4 class=\"heading-primary elementor-heading-title\">Now<\/h4>\t\t<\/div>\r\n\t\t\r\n\t\t\t\t\t<div class=\"heading-divider-wrap\">\r\n\t\t\t<div class=\"heading-divider\" style=\"left: 0px;top: 6px\"><\/div>\r\n\t\t<\/div>\r\n\t    \r\n\t\t\t\t\t<\/div>\r\n\t\t\t\t<\/div>\n\t\t\t\t<\/div>\n\t\t\t\t<div class=\"elementor-element elementor-element-75973ee elementor-invisible elementor-widget elementor-widget-heading\" data-id=\"75973ee\" data-element_type=\"widget\" data-settings=\"{&quot;_animation&quot;:&quot;nussFadeInUp&quot;}\" data-widget_type=\"heading.default\">\n\t\t\t\t<div class=\"elementor-widget-container\">\n\t\t\t<h3 class=\"elementor-heading-title elementor-size-default\">Today<\/h3>\t\t<\/div>\n\t\t\t\t<\/div>\n\t\t\t\t<div class=\"elementor-element elementor-element-818ffa2 elementor-invisible elementor-widget elementor-widget-text-editor\" data-id=\"818ffa2\" data-element_type=\"widget\" data-settings=\"{&quot;_animation&quot;:&quot;nussFadeInUp&quot;}\" data-widget_type=\"text-editor.default\">\n\t\t\t\t<div class=\"elementor-widget-container\">\n\t\t\t\t\t\t\t<p>So, since 2019, we&#8217;ve been working on restoring our farmhouse, and in the summer of 2021, we could finally welcome you to Clos de Ronzi\u00e8res, our little paradise.<\/p><p>We can&#8217;t wait to meet you!<\/p><p>V\u00e9ronique<\/p>\t\t\t\t\t\t<\/div>\n\t\t\t\t<\/div>\n\t\t\t\t\t<\/div>\n\t\t<\/div>\n\t\t\t\t<div class=\"elementor-column elementor-col-50 elementor-inner-column elementor-element elementor-element-6cab6d3\" data-id=\"6cab6d3\" data-element_type=\"column\">\n\t\t\t<div class=\"elementor-widget-wrap elementor-element-populated\">\n\t\t\t\t\t\t<div class=\"elementor-element elementor-element-308c1ab elementor-invisible nuss-elementor-loading nuss-slide-in-left elementor-widget elementor-widget-image\" data-id=\"308c1ab\" data-element_type=\"widget\" data-settings=\"{&quot;_animation&quot;:&quot;nussSlideInLeft&quot;}\" data-widget_type=\"image.default\">\n\t\t\t\t<div class=\"elementor-widget-container\">\n\t\t\t\t\t\t\t\t\t\t\t\t\t<img decoding=\"async\" width=\"1500\" height=\"1000\" src=\"https:\/\/leclosderonzieres.fr\/wp-content\/uploads\/2024\/02\/photo-farm-clos-ronzieres-2.png\" class=\"attachment-full size-full wp-image-5756\" alt=\"photo-clos-de-ronziere-maison-hote\" srcset=\"https:\/\/leclosderonzieres.fr\/wp-content\/uploads\/2024\/02\/photo-farm-clos-ronzieres-2.png 1500w, https:\/\/leclosderonzieres.fr\/wp-content\/uploads\/2024\/02\/photo-farm-clos-ronzieres-2-300x200.png 300w, https:\/\/leclosderonzieres.fr\/wp-content\/uploads\/2024\/02\/photo-farm-clos-ronzieres-2-1024x683.png 1024w, https:\/\/leclosderonzieres.fr\/wp-content\/uploads\/2024\/02\/photo-farm-clos-ronzieres-2-768x512.png 768w, https:\/\/leclosderonzieres.fr\/wp-content\/uploads\/2024\/02\/photo-farm-clos-ronzieres-2-600x400.png 600w\" sizes=\"(max-width: 1500px) 100vw, 1500px\" \/>\t\t\t\t\t\t\t\t\t\t\t\t\t<\/div>\n\t\t\t\t<\/div>\n\t\t\t\t\t<\/div>\n\t\t<\/div>\n\t\t\t\t\t<\/div>\n\t\t<\/section>\n\t\t\t\t\t<\/div>\n\t\t<\/div>\n\t\t\t\t\t<\/div>\n\t\t<\/section>\n\t\t\t\t<\/div>\n\t\t","protected":false},"excerpt":{"rendered":"<p>From Lyon to the renovation of a farmhouse in Beaujolais. Lyon Before After nearly 18 years in Lyon and with the children having flown the nest, we felt the desire for a life project in the countryside yet close to Lyon. We stumbled upon the Beaujolais region with its Golden Stone villages and a farmhouse [&hellip;]<\/p>\n","protected":false},"author":1,"featured_media":5756,"parent":0,"menu_order":0,"comment_status":"closed","ping_status":"closed","template":"elementor_header_footer","meta":{"footnotes":""},"yoast_head":"<!-- This site is optimized with the Yoast SEO plugin v22.2 - https:\/\/yoast.com\/wordpress\/plugins\/seo\/ -->\n<title>Our Story - Le Clos de Ronzi\u00e8res<\/title>\n<meta name=\"robots\" content=\"index, follow, max-snippet:-1, max-image-preview:large, max-video-preview:-1\" \/>\n<link rel=\"canonical\" href=\"https:\/\/leclosderonzieres.fr\/en\/our-story\/\" \/>\n<meta property=\"og:locale\" content=\"en_US\" \/>\n<meta property=\"og:type\" content=\"article\" \/>\n<meta property=\"og:title\" content=\"Our Story - Le Clos de Ronzi\u00e8res\" \/>\n<meta property=\"og:description\" content=\"From Lyon to the renovation of a farmhouse in Beaujolais. Lyon Before After nearly 18 years in Lyon and with the children having flown the nest, we felt the desire for a life project in the countryside yet close to Lyon. We stumbled upon the Beaujolais region with its Golden Stone villages and a farmhouse [&hellip;]\" \/>\n<meta property=\"og:url\" content=\"https:\/\/leclosderonzieres.fr\/en\/our-story\/\" \/>\n<meta property=\"og:site_name\" content=\"Le Clos de Ronzi\u00e8res\" \/>\n<meta property=\"article:modified_time\" content=\"2024-03-14T14:34:53+00:00\" \/>\n<meta property=\"og:image\" content=\"https:\/\/leclosderonzieres.fr\/wp-content\/uploads\/2024\/02\/photo-farm-clos-ronzieres-2-1024x683.png\" \/>\n\t<meta property=\"og:image:width\" content=\"1024\" \/>\n\t<meta property=\"og:image:height\" content=\"683\" \/>\n\t<meta property=\"og:image:type\" content=\"image\/png\" \/>\n<meta name=\"twitter:card\" content=\"summary_large_image\" \/>\n<meta name=\"twitter:label1\" content=\"Est. reading time\" \/>\n\t<meta name=\"twitter:data1\" content=\"1 minute\" \/>\n<script type=\"application\/ld+json\" class=\"yoast-schema-graph\">{\"@context\":\"https:\/\/schema.org\",\"@graph\":[{\"@type\":\"WebPage\",\"@id\":\"https:\/\/leclosderonzieres.fr\/en\/our-story\/\",\"url\":\"https:\/\/leclosderonzieres.fr\/en\/our-story\/\",\"name\":\"Our Story - Le Clos de Ronzi\u00e8res\",\"isPartOf\":{\"@id\":\"https:\/\/leclosderonzieres.fr\/en\/#website\"},\"primaryImageOfPage\":{\"@id\":\"https:\/\/leclosderonzieres.fr\/en\/our-story\/#primaryimage\"},\"image\":{\"@id\":\"https:\/\/leclosderonzieres.fr\/en\/our-story\/#primaryimage\"},\"thumbnailUrl\":\"https:\/\/leclosderonzieres.fr\/wp-content\/uploads\/2024\/02\/photo-farm-clos-ronzieres-2.png\",\"datePublished\":\"2021-03-23T09:33:48+00:00\",\"dateModified\":\"2024-03-14T14:34:53+00:00\",\"breadcrumb\":{\"@id\":\"https:\/\/leclosderonzieres.fr\/en\/our-story\/#breadcrumb\"},\"inLanguage\":\"en-US\",\"potentialAction\":[{\"@type\":\"ReadAction\",\"target\":[\"https:\/\/leclosderonzieres.fr\/en\/our-story\/\"]}]},{\"@type\":\"ImageObject\",\"inLanguage\":\"en-US\",\"@id\":\"https:\/\/leclosderonzieres.fr\/en\/our-story\/#primaryimage\",\"url\":\"https:\/\/leclosderonzieres.fr\/wp-content\/uploads\/2024\/02\/photo-farm-clos-ronzieres-2.png\",\"contentUrl\":\"https:\/\/leclosderonzieres.fr\/wp-content\/uploads\/2024\/02\/photo-farm-clos-ronzieres-2.png\",\"width\":1500,\"height\":1000,\"caption\":\"photo-clos-de-ronziere-maison-hote\"},{\"@type\":\"BreadcrumbList\",\"@id\":\"https:\/\/leclosderonzieres.fr\/en\/our-story\/#breadcrumb\",\"itemListElement\":[{\"@type\":\"ListItem\",\"position\":1,\"name\":\"Home\",\"item\":\"https:\/\/leclosderonzieres.fr\/en\/\"},{\"@type\":\"ListItem\",\"position\":2,\"name\":\"Our Story\"}]},{\"@type\":\"WebSite\",\"@id\":\"https:\/\/leclosderonzieres.fr\/en\/#website\",\"url\":\"https:\/\/leclosderonzieres.fr\/en\/\",\"name\":\"Le Clos de Ronzi\u00e8res\",\"description\":\"Maison d&#039;h\u00f4te de charme pr\u00e8s de Lyon\",\"publisher\":{\"@id\":\"https:\/\/leclosderonzieres.fr\/en\/#organization\"},\"potentialAction\":[{\"@type\":\"SearchAction\",\"target\":{\"@type\":\"EntryPoint\",\"urlTemplate\":\"https:\/\/leclosderonzieres.fr\/en\/?s={search_term_string}\"},\"query-input\":\"required name=search_term_string\"}],\"inLanguage\":\"en-US\"},{\"@type\":\"Organization\",\"@id\":\"https:\/\/leclosderonzieres.fr\/en\/#organization\",\"name\":\"Le Clos de Ronzi\u00e8res\",\"url\":\"https:\/\/leclosderonzieres.fr\/en\/\",\"logo\":{\"@type\":\"ImageObject\",\"inLanguage\":\"en-US\",\"@id\":\"https:\/\/leclosderonzieres.fr\/en\/#\/schema\/logo\/image\/\",\"url\":\"https:\/\/leclosderonzieres.fr\/wp-content\/uploads\/2024\/02\/logo-noir@2x.png\",\"contentUrl\":\"https:\/\/leclosderonzieres.fr\/wp-content\/uploads\/2024\/02\/logo-noir@2x.png\",\"width\":499,\"height\":60,\"caption\":\"Le Clos de Ronzi\u00e8res\"},\"image\":{\"@id\":\"https:\/\/leclosderonzieres.fr\/en\/#\/schema\/logo\/image\/\"}}]}<\/script>\n<!-- \/ Yoast SEO plugin. -->","yoast_head_json":{"title":"Our Story - Le Clos de Ronzi\u00e8res","robots":{"index":"index","follow":"follow","max-snippet":"max-snippet:-1","max-image-preview":"max-image-preview:large","max-video-preview":"max-video-preview:-1"},"canonical":"https:\/\/leclosderonzieres.fr\/en\/our-story\/","og_locale":"en_US","og_type":"article","og_title":"Our Story - Le Clos de Ronzi\u00e8res","og_description":"From Lyon to the renovation of a farmhouse in Beaujolais. Lyon Before After nearly 18 years in Lyon and with the children having flown the nest, we felt the desire for a life project in the countryside yet close to Lyon. We stumbled upon the Beaujolais region with its Golden Stone villages and a farmhouse [&hellip;]","og_url":"https:\/\/leclosderonzieres.fr\/en\/our-story\/","og_site_name":"Le Clos de Ronzi\u00e8res","article_modified_time":"2024-03-14T14:34:53+00:00","og_image":[{"width":1024,"height":683,"url":"https:\/\/leclosderonzieres.fr\/wp-content\/uploads\/2024\/02\/photo-farm-clos-ronzieres-2-1024x683.png","type":"image\/png"}],"twitter_card":"summary_large_image","twitter_misc":{"Est. reading time":"1 minute"},"schema":{"@context":"https:\/\/schema.org","@graph":[{"@type":"WebPage","@id":"https:\/\/leclosderonzieres.fr\/en\/our-story\/","url":"https:\/\/leclosderonzieres.fr\/en\/our-story\/","name":"Our Story - Le Clos de Ronzi\u00e8res","isPartOf":{"@id":"https:\/\/leclosderonzieres.fr\/en\/#website"},"primaryImageOfPage":{"@id":"https:\/\/leclosderonzieres.fr\/en\/our-story\/#primaryimage"},"image":{"@id":"https:\/\/leclosderonzieres.fr\/en\/our-story\/#primaryimage"},"thumbnailUrl":"https:\/\/leclosderonzieres.fr\/wp-content\/uploads\/2024\/02\/photo-farm-clos-ronzieres-2.png","datePublished":"2021-03-23T09:33:48+00:00","dateModified":"2024-03-14T14:34:53+00:00","breadcrumb":{"@id":"https:\/\/leclosderonzieres.fr\/en\/our-story\/#breadcrumb"},"inLanguage":"en-US","potentialAction":[{"@type":"ReadAction","target":["https:\/\/leclosderonzieres.fr\/en\/our-story\/"]}]},{"@type":"ImageObject","inLanguage":"en-US","@id":"https:\/\/leclosderonzieres.fr\/en\/our-story\/#primaryimage","url":"https:\/\/leclosderonzieres.fr\/wp-content\/uploads\/2024\/02\/photo-farm-clos-ronzieres-2.png","contentUrl":"https:\/\/leclosderonzieres.fr\/wp-content\/uploads\/2024\/02\/photo-farm-clos-ronzieres-2.png","width":1500,"height":1000,"caption":"photo-clos-de-ronziere-maison-hote"},{"@type":"BreadcrumbList","@id":"https:\/\/leclosderonzieres.fr\/en\/our-story\/#breadcrumb","itemListElement":[{"@type":"ListItem","position":1,"name":"Home","item":"https:\/\/leclosderonzieres.fr\/en\/"},{"@type":"ListItem","position":2,"name":"Our Story"}]},{"@type":"WebSite","@id":"https:\/\/leclosderonzieres.fr\/en\/#website","url":"https:\/\/leclosderonzieres.fr\/en\/","name":"Le Clos de Ronzi\u00e8res","description":"Maison d&#039;h\u00f4te de charme pr\u00e8s de Lyon","publisher":{"@id":"https:\/\/leclosderonzieres.fr\/en\/#organization"},"potentialAction":[{"@type":"SearchAction","target":{"@type":"EntryPoint","urlTemplate":"https:\/\/leclosderonzieres.fr\/en\/?s={search_term_string}"},"query-input":"required name=search_term_string"}],"inLanguage":"en-US"},{"@type":"Organization","@id":"https:\/\/leclosderonzieres.fr\/en\/#organization","name":"Le Clos de Ronzi\u00e8res","url":"https:\/\/leclosderonzieres.fr\/en\/","logo":{"@type":"ImageObject","inLanguage":"en-US","@id":"https:\/\/leclosderonzieres.fr\/en\/#\/schema\/logo\/image\/","url":"https:\/\/leclosderonzieres.fr\/wp-content\/uploads\/2024\/02\/logo-noir@2x.png","contentUrl":"https:\/\/leclosderonzieres.fr\/wp-content\/uploads\/2024\/02\/logo-noir@2x.png","width":499,"height":60,"caption":"Le Clos de Ronzi\u00e8res"},"image":{"@id":"https:\/\/leclosderonzieres.fr\/en\/#\/schema\/logo\/image\/"}}]}},"_links":{"self":[{"href":"https:\/\/leclosderonzieres.fr\/en\/wp-json\/wp\/v2\/pages\/2104"}],"collection":[{"href":"https:\/\/leclosderonzieres.fr\/en\/wp-json\/wp\/v2\/pages"}],"about":[{"href":"https:\/\/leclosderonzieres.fr\/en\/wp-json\/wp\/v2\/types\/page"}],"author":[{"embeddable":true,"href":"https:\/\/leclosderonzieres.fr\/en\/wp-json\/wp\/v2\/users\/1"}],"replies":[{"embeddable":true,"href":"https:\/\/leclosderonzieres.fr\/en\/wp-json\/wp\/v2\/comments?post=2104"}],"version-history":[{"count":15,"href":"https:\/\/leclosderonzieres.fr\/en\/wp-json\/wp\/v2\/pages\/2104\/revisions"}],"predecessor-version":[{"id":6612,"href":"https:\/\/leclosderonzieres.fr\/en\/wp-json\/wp\/v2\/pages\/2104\/revisions\/6612"}],"wp:featuredmedia":[{"embeddable":true,"href":"https:\/\/leclosderonzieres.fr\/en\/wp-json\/wp\/v2\/media\/5756"}],"wp:attachment":[{"href":"https:\/\/leclosderonzieres.fr\/en\/wp-json\/wp\/v2\/media?parent=2104"}],"curies":[{"name":"wp","href":"https:\/\/api.w.org\/{rel}","templated":true}]}}